{"id":7703,"date":"2025-02-20T18:00:51","date_gmt":"2025-02-20T17:00:52","guid":{"rendered":"https:\/\/www.luiano.it\/?post_type=product&#038;p=7703"},"modified":"2025-09-26T14:42:54","modified_gmt":"2025-09-26T12:42:54","slug":"ella","status":"publish","type":"product","link":"https:\/\/www.luiano.it\/en\/product\/ella\/","title":{"rendered":"IGT Rosato Toscana <\/br> Ella"},"content":{"rendered":"<div class=\"wpb-content-wrapper\"><p>[vc_row full_width=&#8221;stretch_row&#8221; css=&#8221;.vc_custom_1617118090070{margin-top: -130px !important;padding-bottom: 8em !important;background-color: #000000 !important;}&#8221;][vc_column][vc_row_inner equal_height=&#8221;yes&#8221; content_placement=&#8221;middle&#8221; css=&#8221;.vc_custom_1557830079109{margin-bottom: 0px !important;padding-top: 8em !important;}&#8221;][vc_column_inner width=&#8221;1\/2&#8243; css=&#8221;.vc_custom_1557830011569{padding: 0px !important;}&#8221;][vc_single_image image=&#8221;5298&#8243; img_size=&#8221;full&#8221; css=&#8221;.vc_custom_1617111853382{margin-bottom: 0px !important;}&#8221;][\/vc_column_inner][vc_column_inner width=&#8221;1\/2&#8243; css=&#8221;.vc_custom_1556093129663{padding: 15% !important;background-color: #ffffff !important;}&#8221;]\n\t<div class=\"title-subtitle-box  \" style=\" text-align: left;\">\n\t\t<h1 style=\" font-style: normal;\" class=\"special-title\" >\n\t\t<span style=\"\">NON SOLO VINO<\/span>Gli altri prodotti<\/h1>\n\t\t<span class=\"gg-horizontal-line\"  ><\/span>\n\t\t<div class=\"box-description\"><p><strong>GLI ASSAI<\/strong><br \/>\nTutti i nostri prodotti matengono la tradizione dell&#8217;aggettivo partenopeo con cui abbiamo nominato il nostro IGT base (il Rosso Assai). Perch\u00e8 che sia olio o grappa, ha personalit\u00e0, quindi lo \u00e8 Assai&#8230;<br \/>\n<strong>OLIO<\/strong><br \/>\nA Luiano produciamo anche Olio di Oliva extra vergine che vendiamo solo direttamente ai nostri ospiti e clienti del nostro shop.<br \/>\n<strong>CONDIMENTO BALSAMICO<\/strong><br \/>\nDa poco abbiamo iniziato a conferire le nostre uve di sangiovese ad un acetificio di Modena, che produce per noi un condimento balsamico, cremoso e saporito.<br \/>\n<strong>LA GRAPPA<\/strong><br \/>\nProdotta per noi dalla distellileria Bonollo, a cui consegnamo le nostre vinacce e fecce ogni vendemmia.<\/p>\n<\/div>\n\t<\/div> [\/vc_column_inner][\/vc_row_inner][vc_row_inner equal_height=&#8221;yes&#8221; content_placement=&#8221;middle&#8221;][vc_column_inner width=&#8221;1\/2&#8243; css=&#8221;.vc_custom_1557830097099{padding-top: 15% !important;padding-right: 15% !important;padding-bottom: 15% !important;padding-left: 15% !important;background-color: #ffffff !important;}&#8221;]\n\t<div class=\"title-subtitle-box  \" style=\" text-align: left;\">\n\t\t<h1 style=\" font-style: normal;\" class=\"special-title\" >\n\t\t<span style=\"\">SUL VINO<\/span>DICONO DI NOI<\/h1>\n\t\t<span class=\"gg-horizontal-line\"  ><\/span>\n\t\t<div class=\"box-description\"><p>Non ci piace limitarci al rating ufficiale, ma in generale a tutto quello che dicono di noi. A volte sono punteggi numerici di grandi\u00a0 firme e testate del vino, altre sono commenti ascoltati da noi durante una degustazione, o commenti lasciati on line e sul nostro diario in cantina.<\/p>\n<p>Qui trovate una piccola selezione, ma resta una sola grande verit\u00e0, soprattutto riguardo al vino: i gusti sono gusti!<\/p>\n<\/div><div class=\"gg-special-button-wrapper  special-button-align-left special-button-style-btn-primary\"><a class=\"btn btn-primary\" href=\"\/dicono-di-noi\/\" title=\"SCOPRI DI PI\u00da\" target=\"_self\">SCOPRI DI PI\u00da<\/a><\/div>\n\t<\/div> [\/vc_column_inner][vc_column_inner width=&#8221;1\/2&#8243; css=&#8221;.vc_custom_1557830102715{padding-top: 0px !important;padding-right: 0px !important;padding-bottom: 0px !important;padding-left: 0px !important;}&#8221;][vc_single_image image=&#8221;5300&#8243; img_size=&#8221;full&#8221; css=&#8221;.vc_custom_1617111897836{margin-bottom: 0px !important;}&#8221;][\/vc_column_inner][\/vc_row_inner][\/vc_column][\/vc_row]<\/p>\n<\/div>","protected":false},"excerpt":{"rendered":"<p>The freshness and deliciousness of Sangiovese made in Chianti come together in a moment of lightness and gentleness. Easy to drink but rich in flavor, it\u2019s a wine crafted with attention to the smallest details, starting from the harvest of the grapes, using the most advanced techniques to preserve the original flavors of the fruit that grows in the vineyard.<\/p>\n<div class=\"clear\"><em>Contains sulphites<\/em><strong><em> &#8211;\u00a0<a href=\"https:\/\/www.luiano.it\/qrcode-vini\/#1735914195084-7d8c06b0-f116\">for more info<\/a><\/em><\/strong><\/div>\n","protected":false},"featured_media":7794,"comment_status":"closed","ping_status":"closed","template":"","meta":[],"product_brand":[],"product_cat":[47],"product_tag":[48],"class_list":{"0":"post-7703","1":"product","2":"type-product","3":"status-publish","4":"has-post-thumbnail","6":"product_cat-chianti-classico-en","7":"product_tag-wine-en","8":"has_thumb","10":"first","11":"instock","12":"shipping-taxable","13":"product-type-variable","14":"has-default-attributes"},"yoast_head":"<!-- This site is optimized with the Yoast SEO plugin v27.3 - https:\/\/yoast.com\/product\/yoast-seo-wordpress\/ -->\n<title>IGT Rosato Toscana  Ella - Fattoria di Luiano<\/title>\n<meta name=\"robots\" content=\"index, follow, max-snippet:-1, max-image-preview:large, max-video-preview:-1\" \/>\n<link rel=\"canonical\" href=\"https:\/\/www.luiano.it\/en\/product\/ella\/\" \/>\n<meta property=\"og:locale\" content=\"en_US\" \/>\n<meta property=\"og:type\" content=\"article\" \/>\n<meta property=\"og:title\" content=\"IGT Rosato Toscana  Ella - Fattoria di Luiano\" \/>\n<meta property=\"og:description\" content=\"The freshness and deliciousness of Sangiovese made in Chianti come together in a moment of lightness and gentleness. Easy to drink but rich in flavor, it\u2019s a wine crafted with attention to the smallest details, starting from the harvest of the grapes, using the most advanced techniques to preserve the original flavors of the fruit that grows in the vineyard. Contains sulphites -\u00a0for more info\" \/>\n<meta property=\"og:url\" content=\"https:\/\/www.luiano.it\/en\/product\/ella\/\" \/>\n<meta property=\"og:site_name\" content=\"Fattoria di Luiano\" \/>\n<meta property=\"article:modified_time\" content=\"2025-09-26T12:42:54+00:00\" \/>\n<meta property=\"og:image\" content=\"https:\/\/www.luiano.it\/wp-content\/uploads\/2025\/02\/Ella_800x1200.jpg\" \/>\n\t<meta property=\"og:image:width\" content=\"800\" \/>\n\t<meta property=\"og:image:height\" content=\"1200\" \/>\n\t<meta property=\"og:image:type\" content=\"image\/jpeg\" \/>\n<meta name=\"twitter:card\" content=\"summary_large_image\" \/>\n<meta name=\"twitter:label1\" content=\"Est. reading time\" \/>\n\t<meta name=\"twitter:data1\" content=\"2 minutes\" \/>\n<script type=\"application\/ld+json\" class=\"yoast-schema-graph\">{\"@context\":\"https:\\\/\\\/schema.org\",\"@graph\":[{\"@type\":\"WebPage\",\"@id\":\"https:\\\/\\\/www.luiano.it\\\/en\\\/product\\\/ella\\\/\",\"url\":\"https:\\\/\\\/www.luiano.it\\\/en\\\/product\\\/ella\\\/\",\"name\":\"IGT Rosato Toscana Ella - Fattoria di Luiano\",\"isPartOf\":{\"@id\":\"https:\\\/\\\/www.luiano.it\\\/en\\\/#website\"},\"primaryImageOfPage\":{\"@id\":\"https:\\\/\\\/www.luiano.it\\\/en\\\/product\\\/ella\\\/#primaryimage\"},\"image\":{\"@id\":\"https:\\\/\\\/www.luiano.it\\\/en\\\/product\\\/ella\\\/#primaryimage\"},\"thumbnailUrl\":\"https:\\\/\\\/www.luiano.it\\\/wp-content\\\/uploads\\\/2025\\\/02\\\/Ella_800x1200.jpg\",\"datePublished\":\"2025-02-20T17:00:52+00:00\",\"dateModified\":\"2025-09-26T12:42:54+00:00\",\"breadcrumb\":{\"@id\":\"https:\\\/\\\/www.luiano.it\\\/en\\\/product\\\/ella\\\/#breadcrumb\"},\"inLanguage\":\"en-US\",\"potentialAction\":[{\"@type\":\"ReadAction\",\"target\":[\"https:\\\/\\\/www.luiano.it\\\/en\\\/product\\\/ella\\\/\"]}]},{\"@type\":\"ImageObject\",\"inLanguage\":\"en-US\",\"@id\":\"https:\\\/\\\/www.luiano.it\\\/en\\\/product\\\/ella\\\/#primaryimage\",\"url\":\"https:\\\/\\\/www.luiano.it\\\/wp-content\\\/uploads\\\/2025\\\/02\\\/Ella_800x1200.jpg\",\"contentUrl\":\"https:\\\/\\\/www.luiano.it\\\/wp-content\\\/uploads\\\/2025\\\/02\\\/Ella_800x1200.jpg\",\"width\":800,\"height\":1200},{\"@type\":\"BreadcrumbList\",\"@id\":\"https:\\\/\\\/www.luiano.it\\\/en\\\/product\\\/ella\\\/#breadcrumb\",\"itemListElement\":[{\"@type\":\"ListItem\",\"position\":1,\"name\":\"Home\",\"item\":\"https:\\\/\\\/www.luiano.it\\\/en\\\/\"},{\"@type\":\"ListItem\",\"position\":2,\"name\":\"Products\",\"item\":\"https:\\\/\\\/www.luiano.it\\\/en\\\/shop\\\/\"},{\"@type\":\"ListItem\",\"position\":3,\"name\":\"IGT Rosato Toscana Ella\"}]},{\"@type\":\"WebSite\",\"@id\":\"https:\\\/\\\/www.luiano.it\\\/en\\\/#website\",\"url\":\"https:\\\/\\\/www.luiano.it\\\/en\\\/\",\"name\":\"Fattoria di Luiano\",\"description\":\"\",\"publisher\":{\"@id\":\"https:\\\/\\\/www.luiano.it\\\/en\\\/#organization\"},\"potentialAction\":[{\"@type\":\"SearchAction\",\"target\":{\"@type\":\"EntryPoint\",\"urlTemplate\":\"https:\\\/\\\/www.luiano.it\\\/en\\\/?s={search_term_string}\"},\"query-input\":{\"@type\":\"PropertyValueSpecification\",\"valueRequired\":true,\"valueName\":\"search_term_string\"}}],\"inLanguage\":\"en-US\"},{\"@type\":\"Organization\",\"@id\":\"https:\\\/\\\/www.luiano.it\\\/en\\\/#organization\",\"name\":\"Fattoria di Luiano\",\"url\":\"https:\\\/\\\/www.luiano.it\\\/en\\\/\",\"logo\":{\"@type\":\"ImageObject\",\"inLanguage\":\"en-US\",\"@id\":\"https:\\\/\\\/www.luiano.it\\\/en\\\/#\\\/schema\\\/logo\\\/image\\\/\",\"url\":\"https:\\\/\\\/www.luiano.it\\\/wp-content\\\/uploads\\\/2020\\\/06\\\/cropped-logo_luiano_rgb_per_fondo_nero-2.png\",\"contentUrl\":\"https:\\\/\\\/www.luiano.it\\\/wp-content\\\/uploads\\\/2020\\\/06\\\/cropped-logo_luiano_rgb_per_fondo_nero-2.png\",\"width\":800,\"height\":628,\"caption\":\"Fattoria di Luiano\"},\"image\":{\"@id\":\"https:\\\/\\\/www.luiano.it\\\/en\\\/#\\\/schema\\\/logo\\\/image\\\/\"}}]}<\/script>\n<!-- \/ Yoast SEO plugin. -->","yoast_head_json":{"title":"IGT Rosato Toscana  Ella - Fattoria di Luiano","robots":{"index":"index","follow":"follow","max-snippet":"max-snippet:-1","max-image-preview":"max-image-preview:large","max-video-preview":"max-video-preview:-1"},"canonical":"https:\/\/www.luiano.it\/en\/product\/ella\/","og_locale":"en_US","og_type":"article","og_title":"IGT Rosato Toscana  Ella - Fattoria di Luiano","og_description":"The freshness and deliciousness of Sangiovese made in Chianti come together in a moment of lightness and gentleness. Easy to drink but rich in flavor, it\u2019s a wine crafted with attention to the smallest details, starting from the harvest of the grapes, using the most advanced techniques to preserve the original flavors of the fruit that grows in the vineyard. Contains sulphites -\u00a0for more info","og_url":"https:\/\/www.luiano.it\/en\/product\/ella\/","og_site_name":"Fattoria di Luiano","article_modified_time":"2025-09-26T12:42:54+00:00","og_image":[{"width":800,"height":1200,"url":"https:\/\/www.luiano.it\/wp-content\/uploads\/2025\/02\/Ella_800x1200.jpg","type":"image\/jpeg"}],"twitter_card":"summary_large_image","twitter_misc":{"Est. reading time":"2 minutes"},"schema":{"@context":"https:\/\/schema.org","@graph":[{"@type":"WebPage","@id":"https:\/\/www.luiano.it\/en\/product\/ella\/","url":"https:\/\/www.luiano.it\/en\/product\/ella\/","name":"IGT Rosato Toscana Ella - Fattoria di Luiano","isPartOf":{"@id":"https:\/\/www.luiano.it\/en\/#website"},"primaryImageOfPage":{"@id":"https:\/\/www.luiano.it\/en\/product\/ella\/#primaryimage"},"image":{"@id":"https:\/\/www.luiano.it\/en\/product\/ella\/#primaryimage"},"thumbnailUrl":"https:\/\/www.luiano.it\/wp-content\/uploads\/2025\/02\/Ella_800x1200.jpg","datePublished":"2025-02-20T17:00:52+00:00","dateModified":"2025-09-26T12:42:54+00:00","breadcrumb":{"@id":"https:\/\/www.luiano.it\/en\/product\/ella\/#breadcrumb"},"inLanguage":"en-US","potentialAction":[{"@type":"ReadAction","target":["https:\/\/www.luiano.it\/en\/product\/ella\/"]}]},{"@type":"ImageObject","inLanguage":"en-US","@id":"https:\/\/www.luiano.it\/en\/product\/ella\/#primaryimage","url":"https:\/\/www.luiano.it\/wp-content\/uploads\/2025\/02\/Ella_800x1200.jpg","contentUrl":"https:\/\/www.luiano.it\/wp-content\/uploads\/2025\/02\/Ella_800x1200.jpg","width":800,"height":1200},{"@type":"BreadcrumbList","@id":"https:\/\/www.luiano.it\/en\/product\/ella\/#breadcrumb","itemListElement":[{"@type":"ListItem","position":1,"name":"Home","item":"https:\/\/www.luiano.it\/en\/"},{"@type":"ListItem","position":2,"name":"Products","item":"https:\/\/www.luiano.it\/en\/shop\/"},{"@type":"ListItem","position":3,"name":"IGT Rosato Toscana Ella"}]},{"@type":"WebSite","@id":"https:\/\/www.luiano.it\/en\/#website","url":"https:\/\/www.luiano.it\/en\/","name":"Fattoria di Luiano","description":"","publisher":{"@id":"https:\/\/www.luiano.it\/en\/#organization"},"potentialAction":[{"@type":"SearchAction","target":{"@type":"EntryPoint","urlTemplate":"https:\/\/www.luiano.it\/en\/?s={search_term_string}"},"query-input":{"@type":"PropertyValueSpecification","valueRequired":true,"valueName":"search_term_string"}}],"inLanguage":"en-US"},{"@type":"Organization","@id":"https:\/\/www.luiano.it\/en\/#organization","name":"Fattoria di Luiano","url":"https:\/\/www.luiano.it\/en\/","logo":{"@type":"ImageObject","inLanguage":"en-US","@id":"https:\/\/www.luiano.it\/en\/#\/schema\/logo\/image\/","url":"https:\/\/www.luiano.it\/wp-content\/uploads\/2020\/06\/cropped-logo_luiano_rgb_per_fondo_nero-2.png","contentUrl":"https:\/\/www.luiano.it\/wp-content\/uploads\/2020\/06\/cropped-logo_luiano_rgb_per_fondo_nero-2.png","width":800,"height":628,"caption":"Fattoria di Luiano"},"image":{"@id":"https:\/\/www.luiano.it\/en\/#\/schema\/logo\/image\/"}}]}},"_links":{"self":[{"href":"https:\/\/www.luiano.it\/en\/wp-json\/wp\/v2\/product\/7703","targetHints":{"allow":["GET"]}}],"collection":[{"href":"https:\/\/www.luiano.it\/en\/wp-json\/wp\/v2\/product"}],"about":[{"href":"https:\/\/www.luiano.it\/en\/wp-json\/wp\/v2\/types\/product"}],"replies":[{"embeddable":true,"href":"https:\/\/www.luiano.it\/en\/wp-json\/wp\/v2\/comments?post=7703"}],"wp:featuredmedia":[{"embeddable":true,"href":"https:\/\/www.luiano.it\/en\/wp-json\/wp\/v2\/media\/7794"}],"wp:attachment":[{"href":"https:\/\/www.luiano.it\/en\/wp-json\/wp\/v2\/media?parent=7703"}],"wp:term":[{"taxonomy":"product_brand","embeddable":true,"href":"https:\/\/www.luiano.it\/en\/wp-json\/wp\/v2\/product_brand?post=7703"},{"taxonomy":"product_cat","embeddable":true,"href":"https:\/\/www.luiano.it\/en\/wp-json\/wp\/v2\/product_cat?post=7703"},{"taxonomy":"product_tag","embeddable":true,"href":"https:\/\/www.luiano.it\/en\/wp-json\/wp\/v2\/product_tag?post=7703"}],"curies":[{"name":"wp","href":"https:\/\/api.w.org\/{rel}","templated":true}]}}